{"id":26,"date":"2017-04-10T03:29:36","date_gmt":"2017-04-10T06:29:36","guid":{"rendered":"http:\/\/www.academiadebeats.com.br\/?page_id=26"},"modified":"2018-11-14T16:32:20","modified_gmt":"2018-11-14T18:32:20","slug":"sobre","status":"publish","type":"page","link":"https:\/\/academiadebeats.com.br\/blog\/sobre\/","title":{"rendered":"Sobre"},"content":{"rendered":"<p><span style=\"font-size: 24pt;\"><span class=\"span-amarelo\" data-w-id=\"c01d00cf-f7ef-c34e-0fdf-0f27748aad14\">DJ COALA<\/span>, criador da Academia de Beats<\/span><\/p>\n<div id=\"attachment_437\" style=\"width: 260px\" class=\"wp-caption alignleft\"><img aria-describedby=\"caption-attachment-437\" decoding=\"async\" loading=\"lazy\" class=\"wp-image-437 size-thumbnail\" src=\"http:\/\/www.academiadebeats.com.br\/blog\/wp-content\/uploads\/2018\/11\/djcoala-250x230.png\" alt=\"djcoala\" width=\"250\" height=\"230\" \/><p id=\"caption-attachment-437\" class=\"wp-caption-text\">Dj Coala<\/p><\/div>\n<p><span style=\"font-size: 14pt;\">DJ Coala \u00e9 produtor musical e beatmaker h\u00e1 quase 10 anos. J\u00e1 produziu centenas de beats para diversos artistas, incluindo grandes nomes do cen\u00e1rio nacional como Oriente e Cidade Verde Sounds.<\/span><br data-w-id=\"9f52195f-abc2-bcc4-90e2-ef1e20047d93\" \/><br data-w-id=\"129a85f2-f275-d049-9880-75faa3cf6c54\" \/><span style=\"font-size: 14pt;\">Suas produ\u00e7\u00f5es j\u00e1 renderam hits que acumulam milh\u00f5es de visualiza\u00e7\u00f5es no YouTube, e suas postagens alcan\u00e7am, segundo o Facebook, a m\u00e9dia de 1 milh\u00e3o de pessoas a cada semana.<\/span><br data-w-id=\"eb749ac0-6ecc-21d2-a153-d4481348f8f7\" \/><br data-w-id=\"529ae5ea-776d-5346-10dc-9c2dbfdce309\" \/><span style=\"font-size: 14pt;\">Artistas lend\u00e1rios como Gabriel O Pensador, Heli\u00e3o (RZO) e KL Jay (Racionais MC&#8217;s) est\u00e3o reconhecendo e dando suporte ao seu trabalho.<\/span><br data-w-id=\"b61f5487-34a6-b97a-f1e3-2d9abdcdf8f6\" \/><br data-w-id=\"2b6d9c7e-e85d-a534-d3c6-91217337db7c\" \/><span style=\"font-size: 14pt;\">Coala ama Produ\u00e7\u00e3o Musical e acredita no potencial da profiss\u00e3o em transformar completamente a vida de diversas pessoas no Brasil.<\/span><\/p>\n","protected":false},"excerpt":{"rendered":"<p>DJ COALA, criador da Academia de Beats DJ Coala \u00e9 produtor musical e beatmaker h\u00e1 quase 10 anos. J\u00e1 produziu centenas de beats para diversos artistas, incluindo grandes nomes do cen\u00e1rio nacional como Oriente e Cidade Verde Sounds.Suas produ\u00e7\u00f5es j\u00e1 renderam hits que acumulam milh\u00f5es de visualiza\u00e7\u00f5es no YouTube, e suas postagens alcan\u00e7am, segundo o [&hellip;]<\/p>\n","protected":false},"author":1,"featured_media":0,"parent":0,"menu_order":0,"comment_status":"closed","ping_status":"closed","template":"","meta":[],"yoast_head":"<!-- This site is optimized with the Yoast SEO plugin v17.7.1 - https:\/\/yoast.com\/wordpress\/plugins\/seo\/ -->\n<title>Sobre - Academia de Beats - Blog<\/title>\n<meta name=\"robots\" content=\"index, follow, max-snippet:-1, max-image-preview:large, max-video-preview:-1\" \/>\n<link rel=\"canonical\" href=\"https:\/\/academiadebeats.com.br\/blog\/sobre\/\" \/>\n<meta property=\"og:locale\" content=\"pt_BR\" \/>\n<meta property=\"og:type\" content=\"article\" \/>\n<meta property=\"og:title\" content=\"Sobre - Academia de Beats - Blog\" \/>\n<meta property=\"og:description\" content=\"DJ COALA, criador da Academia de Beats DJ Coala \u00e9 produtor musical e beatmaker h\u00e1 quase 10 anos. J\u00e1 produziu centenas de beats para diversos artistas, incluindo grandes nomes do cen\u00e1rio nacional como Oriente e Cidade Verde Sounds.Suas produ\u00e7\u00f5es j\u00e1 renderam hits que acumulam milh\u00f5es de visualiza\u00e7\u00f5es no YouTube, e suas postagens alcan\u00e7am, segundo o [&hellip;]\" \/>\n<meta property=\"og:url\" content=\"https:\/\/academiadebeats.com.br\/blog\/sobre\/\" \/>\n<meta property=\"og:site_name\" content=\"Academia de Beats - Blog\" \/>\n<meta property=\"article:publisher\" content=\"https:\/\/www.facebook.com\/academiadebeats\/\" \/>\n<meta property=\"article:modified_time\" content=\"2018-11-14T18:32:20+00:00\" \/>\n<meta property=\"og:image\" content=\"http:\/\/www.academiadebeats.com.br\/blog\/wp-content\/uploads\/2018\/11\/djcoala-250x230.png\" \/>\n<meta name=\"twitter:card\" content=\"summary\" \/>\n<meta name=\"twitter:label1\" content=\"Est. tempo de leitura\" \/>\n\t<meta name=\"twitter:data1\" content=\"1 minuto\" \/>\n<script type=\"application\/ld+json\" class=\"yoast-schema-graph\">{\"@context\":\"https:\/\/schema.org\",\"@graph\":[{\"@type\":\"WebSite\",\"@id\":\"https:\/\/academiadebeats.com.br\/blog\/#website\",\"url\":\"https:\/\/academiadebeats.com.br\/blog\/\",\"name\":\"Academia de Beats - Blog\",\"description\":\"Aqui \\u00e9 o blog do Beatmaker\",\"potentialAction\":[{\"@type\":\"SearchAction\",\"target\":{\"@type\":\"EntryPoint\",\"urlTemplate\":\"https:\/\/academiadebeats.com.br\/blog\/?s={search_term_string}\"},\"query-input\":\"required name=search_term_string\"}],\"inLanguage\":\"pt-BR\"},{\"@type\":\"ImageObject\",\"@id\":\"https:\/\/academiadebeats.com.br\/blog\/sobre\/#primaryimage\",\"inLanguage\":\"pt-BR\",\"url\":\"http:\/\/www.academiadebeats.com.br\/blog\/wp-content\/uploads\/2018\/11\/djcoala-250x230.png\",\"contentUrl\":\"http:\/\/www.academiadebeats.com.br\/blog\/wp-content\/uploads\/2018\/11\/djcoala-250x230.png\"},{\"@type\":\"WebPage\",\"@id\":\"https:\/\/academiadebeats.com.br\/blog\/sobre\/#webpage\",\"url\":\"https:\/\/academiadebeats.com.br\/blog\/sobre\/\",\"name\":\"Sobre - Academia de Beats - Blog\",\"isPartOf\":{\"@id\":\"https:\/\/academiadebeats.com.br\/blog\/#website\"},\"primaryImageOfPage\":{\"@id\":\"https:\/\/academiadebeats.com.br\/blog\/sobre\/#primaryimage\"},\"datePublished\":\"2017-04-10T06:29:36+00:00\",\"dateModified\":\"2018-11-14T18:32:20+00:00\",\"breadcrumb\":{\"@id\":\"https:\/\/academiadebeats.com.br\/blog\/sobre\/#breadcrumb\"},\"inLanguage\":\"pt-BR\",\"potentialAction\":[{\"@type\":\"ReadAction\",\"target\":[\"https:\/\/academiadebeats.com.br\/blog\/sobre\/\"]}]},{\"@type\":\"BreadcrumbList\",\"@id\":\"https:\/\/academiadebeats.com.br\/blog\/sobre\/#breadcrumb\",\"itemListElement\":[{\"@type\":\"ListItem\",\"position\":1,\"name\":\"Home\",\"item\":\"https:\/\/academiadebeats.com.br\/blog\/\"},{\"@type\":\"ListItem\",\"position\":2,\"name\":\"Sobre\"}]}]}<\/script>\n<!-- \/ Yoast SEO plugin. -->","yoast_head_json":{"title":"Sobre - Academia de Beats - Blog","robots":{"index":"index","follow":"follow","max-snippet":"max-snippet:-1","max-image-preview":"max-image-preview:large","max-video-preview":"max-video-preview:-1"},"canonical":"https:\/\/academiadebeats.com.br\/blog\/sobre\/","og_locale":"pt_BR","og_type":"article","og_title":"Sobre - Academia de Beats - Blog","og_description":"DJ COALA, criador da Academia de Beats DJ Coala \u00e9 produtor musical e beatmaker h\u00e1 quase 10 anos. J\u00e1 produziu centenas de beats para diversos artistas, incluindo grandes nomes do cen\u00e1rio nacional como Oriente e Cidade Verde Sounds.Suas produ\u00e7\u00f5es j\u00e1 renderam hits que acumulam milh\u00f5es de visualiza\u00e7\u00f5es no YouTube, e suas postagens alcan\u00e7am, segundo o [&hellip;]","og_url":"https:\/\/academiadebeats.com.br\/blog\/sobre\/","og_site_name":"Academia de Beats - Blog","article_publisher":"https:\/\/www.facebook.com\/academiadebeats\/","article_modified_time":"2018-11-14T18:32:20+00:00","og_image":[{"url":"http:\/\/www.academiadebeats.com.br\/blog\/wp-content\/uploads\/2018\/11\/djcoala-250x230.png"}],"twitter_card":"summary","twitter_misc":{"Est. tempo de leitura":"1 minuto"},"schema":{"@context":"https:\/\/schema.org","@graph":[{"@type":"WebSite","@id":"https:\/\/academiadebeats.com.br\/blog\/#website","url":"https:\/\/academiadebeats.com.br\/blog\/","name":"Academia de Beats - Blog","description":"Aqui \u00e9 o blog do Beatmaker","potentialAction":[{"@type":"SearchAction","target":{"@type":"EntryPoint","urlTemplate":"https:\/\/academiadebeats.com.br\/blog\/?s={search_term_string}"},"query-input":"required name=search_term_string"}],"inLanguage":"pt-BR"},{"@type":"ImageObject","@id":"https:\/\/academiadebeats.com.br\/blog\/sobre\/#primaryimage","inLanguage":"pt-BR","url":"http:\/\/www.academiadebeats.com.br\/blog\/wp-content\/uploads\/2018\/11\/djcoala-250x230.png","contentUrl":"http:\/\/www.academiadebeats.com.br\/blog\/wp-content\/uploads\/2018\/11\/djcoala-250x230.png"},{"@type":"WebPage","@id":"https:\/\/academiadebeats.com.br\/blog\/sobre\/#webpage","url":"https:\/\/academiadebeats.com.br\/blog\/sobre\/","name":"Sobre - Academia de Beats - Blog","isPartOf":{"@id":"https:\/\/academiadebeats.com.br\/blog\/#website"},"primaryImageOfPage":{"@id":"https:\/\/academiadebeats.com.br\/blog\/sobre\/#primaryimage"},"datePublished":"2017-04-10T06:29:36+00:00","dateModified":"2018-11-14T18:32:20+00:00","breadcrumb":{"@id":"https:\/\/academiadebeats.com.br\/blog\/sobre\/#breadcrumb"},"inLanguage":"pt-BR","potentialAction":[{"@type":"ReadAction","target":["https:\/\/academiadebeats.com.br\/blog\/sobre\/"]}]},{"@type":"BreadcrumbList","@id":"https:\/\/academiadebeats.com.br\/blog\/sobre\/#breadcrumb","itemListElement":[{"@type":"ListItem","position":1,"name":"Home","item":"https:\/\/academiadebeats.com.br\/blog\/"},{"@type":"ListItem","position":2,"name":"Sobre"}]}]}},"_links":{"self":[{"href":"https:\/\/academiadebeats.com.br\/blog\/wp-json\/wp\/v2\/pages\/26"}],"collection":[{"href":"https:\/\/academiadebeats.com.br\/blog\/wp-json\/wp\/v2\/pages"}],"about":[{"href":"https:\/\/academiadebeats.com.br\/blog\/wp-json\/wp\/v2\/types\/page"}],"author":[{"embeddable":true,"href":"https:\/\/academiadebeats.com.br\/blog\/wp-json\/wp\/v2\/users\/1"}],"replies":[{"embeddable":true,"href":"https:\/\/academiadebeats.com.br\/blog\/wp-json\/wp\/v2\/comments?post=26"}],"version-history":[{"count":0,"href":"https:\/\/academiadebeats.com.br\/blog\/wp-json\/wp\/v2\/pages\/26\/revisions"}],"wp:attachment":[{"href":"https:\/\/academiadebeats.com.br\/blog\/wp-json\/wp\/v2\/media?parent=26"}],"curies":[{"name":"wp","href":"https:\/\/api.w.org\/{rel}","templated":true}]}}