{"id":20718,"date":"2022-10-04T10:21:32","date_gmt":"2022-10-04T13:21:32","guid":{"rendered":"https:\/\/academiadebeats.com.br\/inicio\/?page_id=20718"},"modified":"2022-10-04T17:18:49","modified_gmt":"2022-10-04T20:18:49","slug":"ample-guitar-m-lite-2-plugin-gratis","status":"publish","type":"page","link":"https:\/\/academiadebeats.com.br\/inicio\/ample-guitar-m-lite-2-plugin-gratis\/","title":{"rendered":"Ample Guitar M Lite 2 | Plugin Gr\u00e1tis"},"content":{"rendered":"\t\t<div data-elementor-type=\"wp-page\" data-elementor-id=\"20718\" class=\"elementor elementor-20718\" data-elementor-post-type=\"page\">\n\t\t\t\t\t\t<section class=\"elementor-section elementor-top-section elementor-element elementor-element-5efe330 elementor-section-boxed elementor-section-height-default elementor-section-height-default\" data-id=\"5efe330\" data-element_type=\"section\" data-settings=\"{&quot;background_background&quot;:&quot;classic&quot;}\">\n\t\t\t\t\t\t<div class=\"elementor-container elementor-column-gap-default\">\n\t\t\t\t\t<div class=\"elementor-column elementor-col-100 elementor-top-column elementor-element elementor-element-bbc9ecf\" data-id=\"bbc9ecf\" data-element_type=\"column\">\n\t\t\t<div class=\"elementor-widget-wrap elementor-element-populated\">\n\t\t\t\t\t\t<div class=\"elementor-element elementor-element-fda3543 elementor-widget elementor-widget-image\" data-id=\"fda3543\" data-element_type=\"widget\" data-widget_type=\"image.default\">\n\t\t\t\t<div class=\"elementor-widget-container\">\n\t\t\t\t\t\t\t\t\t\t\t\t\t\t\t<img fetchpriority=\"high\" decoding=\"async\" width=\"800\" height=\"538\" src=\"https:\/\/academiadebeats.com.br\/inicio\/wp-content\/uploads\/2022\/03\/ADB_Logo_Transp_BR-1024x688.png\" class=\"attachment-large size-large wp-image-11267\" alt=\"\" srcset=\"https:\/\/academiadebeats.com.br\/inicio\/wp-content\/uploads\/2022\/03\/ADB_Logo_Transp_BR-1024x688.png 1024w, https:\/\/academiadebeats.com.br\/inicio\/wp-content\/uploads\/2022\/03\/ADB_Logo_Transp_BR-300x202.png 300w, https:\/\/academiadebeats.com.br\/inicio\/wp-content\/uploads\/2022\/03\/ADB_Logo_Transp_BR-768x516.png 768w, https:\/\/academiadebeats.com.br\/inicio\/wp-content\/uploads\/2022\/03\/ADB_Logo_Transp_BR-1536x1033.png 1536w, https:\/\/academiadebeats.com.br\/inicio\/wp-content\/uploads\/2022\/03\/ADB_Logo_Transp_BR-2048x1377.png 2048w\" sizes=\"(max-width: 800px) 100vw, 800px\" \/>\t\t\t\t\t\t\t\t\t\t\t\t\t\t\t<\/div>\n\t\t\t\t<\/div>\n\t\t\t\t\t<\/div>\n\t\t<\/div>\n\t\t\t\t\t<\/div>\n\t\t<\/section>\n\t\t\t\t<section class=\"elementor-section elementor-top-section elementor-element elementor-element-49510ad elementor-section-boxed elementor-section-height-default elementor-section-height-default\" data-id=\"49510ad\" data-element_type=\"section\" data-settings=\"{&quot;background_background&quot;:&quot;gradient&quot;}\">\n\t\t\t\t\t\t<div class=\"elementor-container elementor-column-gap-default\">\n\t\t\t\t\t<div class=\"elementor-column elementor-col-50 elementor-top-column elementor-element elementor-element-4ffa7bb\" data-id=\"4ffa7bb\" data-element_type=\"column\">\n\t\t\t<div class=\"elementor-widget-wrap elementor-element-populated\">\n\t\t\t\t\t\t<div class=\"elementor-element elementor-element-1a90c03 elementor-icon-list--layout-traditional elementor-list-item-link-full_width elementor-widget elementor-widget-icon-list\" data-id=\"1a90c03\" data-element_type=\"widget\" data-widget_type=\"icon-list.default\">\n\t\t\t\t<div class=\"elementor-widget-container\">\n\t\t\t\t\t\t\t<ul class=\"elementor-icon-list-items\">\n\t\t\t\t\t\t\t<li class=\"elementor-icon-list-item\">\n\t\t\t\t\t\t\t\t\t\t\t<span class=\"elementor-icon-list-icon\">\n\t\t\t\t\t\t\t<i aria-hidden=\"true\" class=\"fas fa-gift\"><\/i>\t\t\t\t\t\t<\/span>\n\t\t\t\t\t\t\t\t\t\t<span class=\"elementor-icon-list-text\">DOWNLOAD GRATUITO<\/span>\n\t\t\t\t\t\t\t\t\t<\/li>\n\t\t\t\t\t\t<\/ul>\n\t\t\t\t\t\t<\/div>\n\t\t\t\t<\/div>\n\t\t\t\t<div class=\"elementor-element elementor-element-6834c27 elementor-widget elementor-widget-heading\" data-id=\"6834c27\" data-element_type=\"widget\" data-widget_type=\"heading.default\">\n\t\t\t\t<div class=\"elementor-widget-container\">\n\t\t\t\t\t<h2 class=\"elementor-heading-title elementor-size-default\">AMPLE GUITAR M LITE II \u00c9 <span style=\"color:#ffc937\">UM PLUGIN GR\u00c1TIS DE VIOL\u00c3O<\/span><\/h2>\t\t\t\t<\/div>\n\t\t\t\t<\/div>\n\t\t\t\t<div class=\"elementor-element elementor-element-7be71ad elementor-widget elementor-widget-text-editor\" data-id=\"7be71ad\" data-element_type=\"widget\" data-widget_type=\"text-editor.default\">\n\t\t\t\t<div class=\"elementor-widget-container\">\n\t\t\t\t\t\t\t\t\t<p>Virtual Instrument by Ample Sound<\/p>\t\t\t\t\t\t\t\t<\/div>\n\t\t\t\t<\/div>\n\t\t\t\t<div class=\"elementor-element elementor-element-731f867 elementor-icon-list--layout-traditional elementor-list-item-link-full_width elementor-widget elementor-widget-icon-list\" data-id=\"731f867\" data-element_type=\"widget\" data-widget_type=\"icon-list.default\">\n\t\t\t\t<div class=\"elementor-widget-container\">\n\t\t\t\t\t\t\t<ul class=\"elementor-icon-list-items\">\n\t\t\t\t\t\t\t<li class=\"elementor-icon-list-item\">\n\t\t\t\t\t\t\t\t\t\t\t<span class=\"elementor-icon-list-icon\">\n\t\t\t\t\t\t\t<i aria-hidden=\"true\" class=\"fas fa-check-circle\"><\/i>\t\t\t\t\t\t<\/span>\n\t\t\t\t\t\t\t\t\t\t<span class=\"elementor-icon-list-text\">Transforme sua DAW em um viol\u00e3o<\/span>\n\t\t\t\t\t\t\t\t\t<\/li>\n\t\t\t\t\t\t<\/ul>\n\t\t\t\t\t\t<\/div>\n\t\t\t\t<\/div>\n\t\t\t\t<div class=\"elementor-element elementor-element-8f848fb elementor-icon-list--layout-traditional elementor-list-item-link-full_width elementor-widget elementor-widget-icon-list\" data-id=\"8f848fb\" data-element_type=\"widget\" data-widget_type=\"icon-list.default\">\n\t\t\t\t<div class=\"elementor-widget-container\">\n\t\t\t\t\t\t\t<ul class=\"elementor-icon-list-items\">\n\t\t\t\t\t\t\t<li class=\"elementor-icon-list-item\">\n\t\t\t\t\t\t\t\t\t\t\t<span class=\"elementor-icon-list-icon\">\n\t\t\t\t\t\t\t<i aria-hidden=\"true\" class=\"fas fa-check-circle\"><\/i>\t\t\t\t\t\t<\/span>\n\t\t\t\t\t\t\t\t\t\t<span class=\"elementor-icon-list-text\">Compat\u00edvel com os principais programas<\/span>\n\t\t\t\t\t\t\t\t\t<\/li>\n\t\t\t\t\t\t<\/ul>\n\t\t\t\t\t\t<\/div>\n\t\t\t\t<\/div>\n\t\t\t\t<div class=\"elementor-element elementor-element-aee4968 elementor-icon-list--layout-traditional elementor-list-item-link-full_width elementor-widget elementor-widget-icon-list\" data-id=\"aee4968\" data-element_type=\"widget\" data-widget_type=\"icon-list.default\">\n\t\t\t\t<div class=\"elementor-widget-container\">\n\t\t\t\t\t\t\t<ul class=\"elementor-icon-list-items\">\n\t\t\t\t\t\t\t<li class=\"elementor-icon-list-item\">\n\t\t\t\t\t\t\t\t\t\t\t<span class=\"elementor-icon-list-icon\">\n\t\t\t\t\t\t\t<i aria-hidden=\"true\" class=\"fas fa-check-circle\"><\/i>\t\t\t\t\t\t<\/span>\n\t\t\t\t\t\t\t\t\t\t<span class=\"elementor-icon-list-text\">Receba tutorial exclusivo de instala\u00e7\u00e3o<\/span>\n\t\t\t\t\t\t\t\t\t<\/li>\n\t\t\t\t\t\t<\/ul>\n\t\t\t\t\t\t<\/div>\n\t\t\t\t<\/div>\n\t\t\t\t<div class=\"elementor-element elementor-element-d1768e5 elementor-mobile-align-center elementor-invisible elementor-widget elementor-widget-button\" data-id=\"d1768e5\" data-element_type=\"widget\" data-settings=\"{&quot;_animation&quot;:&quot;pulse&quot;,&quot;_animation_mobile&quot;:&quot;pulse&quot;}\" data-widget_type=\"button.default\">\n\t\t\t\t<div class=\"elementor-widget-container\">\n\t\t\t\t\t\t\t\t\t<div class=\"elementor-button-wrapper\">\n\t\t\t\t\t<a class=\"elementor-button elementor-button-link elementor-size-lg elementor-animation-grow\" href=\"#elementor-action%3Aaction%3Dpopup%3Aopen%26settings%3DeyJpZCI6IjIwNzI2IiwidG9nZ2xlIjpmYWxzZX0%3D\">\n\t\t\t\t\t\t<span class=\"elementor-button-content-wrapper\">\n\t\t\t\t\t\t<span class=\"elementor-button-icon\">\n\t\t\t\t<i aria-hidden=\"true\" class=\"fas fa-download\"><\/i>\t\t\t<\/span>\n\t\t\t\t\t\t\t\t\t<span class=\"elementor-button-text\">FAZER DOWNLOAD GR\u00c1TIS<\/span>\n\t\t\t\t\t<\/span>\n\t\t\t\t\t<\/a>\n\t\t\t\t<\/div>\n\t\t\t\t\t\t\t\t<\/div>\n\t\t\t\t<\/div>\n\t\t\t\t\t<\/div>\n\t\t<\/div>\n\t\t\t\t<div class=\"elementor-column elementor-col-50 elementor-top-column elementor-element elementor-element-99984d8\" data-id=\"99984d8\" data-element_type=\"column\">\n\t\t\t<div class=\"elementor-widget-wrap elementor-element-populated\">\n\t\t\t\t\t\t<div class=\"elementor-element elementor-element-bc4255e elementor-widget elementor-widget-image\" data-id=\"bc4255e\" data-element_type=\"widget\" data-widget_type=\"image.default\">\n\t\t\t\t<div class=\"elementor-widget-container\">\n\t\t\t\t\t\t\t\t\t\t\t\t\t\t\t<img decoding=\"async\" width=\"800\" height=\"388\" src=\"https:\/\/academiadebeats.com.br\/inicio\/wp-content\/uploads\/2022\/10\/agml03-1024x497.jpg\" class=\"attachment-large size-large wp-image-20722\" alt=\"\" srcset=\"https:\/\/academiadebeats.com.br\/inicio\/wp-content\/uploads\/2022\/10\/agml03-1024x497.jpg 1024w, https:\/\/academiadebeats.com.br\/inicio\/wp-content\/uploads\/2022\/10\/agml03-300x146.jpg 300w, https:\/\/academiadebeats.com.br\/inicio\/wp-content\/uploads\/2022\/10\/agml03-768x373.jpg 768w, https:\/\/academiadebeats.com.br\/inicio\/wp-content\/uploads\/2022\/10\/agml03.jpg 1252w\" sizes=\"(max-width: 800px) 100vw, 800px\" \/>\t\t\t\t\t\t\t\t\t\t\t\t\t\t\t<\/div>\n\t\t\t\t<\/div>\n\t\t\t\t\t<\/div>\n\t\t<\/div>\n\t\t\t\t\t<\/div>\n\t\t<\/section>\n\t\t\t\t<section class=\"elementor-section elementor-top-section elementor-element elementor-element-43be4da elementor-section-boxed elementor-section-height-default elementor-section-height-default\" data-id=\"43be4da\" data-element_type=\"section\" data-settings=\"{&quot;background_background&quot;:&quot;classic&quot;}\">\n\t\t\t\t\t\t<div class=\"elementor-container elementor-column-gap-default\">\n\t\t\t\t\t<div class=\"elementor-column elementor-col-100 elementor-top-column elementor-element elementor-element-77c328c\" data-id=\"77c328c\" data-element_type=\"column\">\n\t\t\t<div class=\"elementor-widget-wrap elementor-element-populated\">\n\t\t\t\t\t\t<div class=\"elementor-element elementor-element-ccf688a elementor-widget elementor-widget-text-editor\" data-id=\"ccf688a\" data-element_type=\"widget\" data-widget_type=\"text-editor.default\">\n\t\t\t\t<div class=\"elementor-widget-container\">\n\t\t\t\t\t\t\t\t\t<p><strong><span>Amostragem:<\/span><\/strong><\/p><ul><li><span>Tamanho: 848 mb, 16 bits 44,1 khz<\/span><\/li><li><span>Bibliotecas de instrumentos de dedo para atender a diferentes necessidades.<\/span><\/li><li><span>DFD (Direto do disco)<\/span><\/li><li><span>Rich Fingering Noise &#8211; mais v\u00edvido e realista.<\/span><\/li><li><span>Cada ciclo e estrutura de amostragem r\u00f4mbica &#8211; Ciclo de amostra separado para cada nota e camada de velocidade para melhorar a efici\u00eancia de utiliza\u00e7\u00e3o da amostra.<\/span><\/li><li><span>Sustain, Hammer On &amp; Pull Off, Palm Mute, Popping 5 articula\u00e7\u00f5es.<\/span><\/li><\/ul><p><strong><span>Tecnologia:<\/span><\/strong><\/p><ul><li><span>Capo Logic &#8211; Jogo inteligente de acordo com as regras da guitarra.<\/span><\/li><li><span>CPC (Customized Parameters Control) &#8211; qualquer controlador pode ser controlado por MIDI CC ou Automa\u00e7\u00e3o.<\/span><\/li><li><span>Double Guitar &#8211; diferentes samples no canal L &amp; R.<\/span><\/li><li><span>Poly Legato e Slide mais suave.<\/span><\/li><li><span>Sintonizador alternativo.<\/span><\/li><li><span>Capo &#8211; Transp\u00f5e sem a necessidade de modificar o midi.<\/span><\/li><\/ul><p><strong><span>Batedor:<\/span><\/strong><\/p><ul><li><span>Amostras reais de dedilhar.<\/span><\/li><li><span>14 notas de dedilhar + 28 maneiras de tocar para cada acorde.<\/span><\/li><li><span>Strum Legato &#8211; as articula\u00e7\u00f5es do legato podem ser tocadas enquanto se dedilha.<\/span><\/li><li><span>4 configura\u00e7\u00f5es de humaniza\u00e7\u00e3o.<\/span><\/li><li><span>Selecione e detecte 2 modos de acordes, quaisquer acordes podem ser personalizados.<\/span><\/li><li><span>Strum SEQ com ritmo personalizado.<\/span><\/li><li><span>Predefini\u00e7\u00f5es delicadas com suporte para arrastar e soltar.<\/span><\/li><\/ul>\t\t\t\t\t\t\t\t<\/div>\n\t\t\t\t<\/div>\n\t\t\t\t\t<\/div>\n\t\t<\/div>\n\t\t\t\t\t<\/div>\n\t\t<\/section>\n\t\t\t\t<section class=\"elementor-section elementor-top-section elementor-element elementor-element-b0efa7b elementor-section-boxed elementor-section-height-default elementor-section-height-default\" data-id=\"b0efa7b\" data-element_type=\"section\" data-settings=\"{&quot;background_background&quot;:&quot;classic&quot;}\">\n\t\t\t\t\t\t<div class=\"elementor-container elementor-column-gap-default\">\n\t\t\t\t\t<div class=\"elementor-column elementor-col-100 elementor-top-column elementor-element elementor-element-641e631\" data-id=\"641e631\" data-element_type=\"column\">\n\t\t\t<div class=\"elementor-widget-wrap elementor-element-populated\">\n\t\t\t\t\t\t<div class=\"elementor-element elementor-element-e5eb0e6 elementor-widget elementor-widget-image\" data-id=\"e5eb0e6\" data-element_type=\"widget\" data-widget_type=\"image.default\">\n\t\t\t\t<div class=\"elementor-widget-container\">\n\t\t\t\t\t\t\t\t\t\t\t\t\t\t\t<img fetchpriority=\"high\" decoding=\"async\" width=\"800\" height=\"538\" src=\"https:\/\/academiadebeats.com.br\/inicio\/wp-content\/uploads\/2022\/03\/ADB_Logo_Transp_BR-1024x688.png\" class=\"attachment-large size-large wp-image-11267\" alt=\"\" srcset=\"https:\/\/academiadebeats.com.br\/inicio\/wp-content\/uploads\/2022\/03\/ADB_Logo_Transp_BR-1024x688.png 1024w, https:\/\/academiadebeats.com.br\/inicio\/wp-content\/uploads\/2022\/03\/ADB_Logo_Transp_BR-300x202.png 300w, https:\/\/academiadebeats.com.br\/inicio\/wp-content\/uploads\/2022\/03\/ADB_Logo_Transp_BR-768x516.png 768w, https:\/\/academiadebeats.com.br\/inicio\/wp-content\/uploads\/2022\/03\/ADB_Logo_Transp_BR-1536x1033.png 1536w, https:\/\/academiadebeats.com.br\/inicio\/wp-content\/uploads\/2022\/03\/ADB_Logo_Transp_BR-2048x1377.png 2048w\" sizes=\"(max-width: 800px) 100vw, 800px\" \/>\t\t\t\t\t\t\t\t\t\t\t\t\t\t\t<\/div>\n\t\t\t\t<\/div>\n\t\t\t\t<div class=\"elementor-element elementor-element-de5994b elementor-widget elementor-widget-text-editor\" data-id=\"de5994b\" data-element_type=\"widget\" data-widget_type=\"text-editor.default\">\n\t\t\t\t<div class=\"elementor-widget-container\">\n\t\t\t\t\t\t\t\t\t<p>\u00a9 2022 Academia de Beats &#8211; Todos os direitos reservados.<\/p>\t\t\t\t\t\t\t\t<\/div>\n\t\t\t\t<\/div>\n\t\t\t\t\t<\/div>\n\t\t<\/div>\n\t\t\t\t\t<\/div>\n\t\t<\/section>\n\t\t\t\t<\/div>\n\t\t","protected":false},"excerpt":{"rendered":"<p>DOWNLOAD GRATUITO AMPLE GUITAR M LITE II \u00c9 UM PLUGIN GR\u00c1TIS DE VIOL\u00c3O Virtual Instrument by Ample Sound Transforme sua DAW em um viol\u00e3o Compat\u00edvel com os principais programas Receba tutorial exclusivo de instala\u00e7\u00e3o FAZER DOWNLOAD GR\u00c1TIS Amostragem: Tamanho: 848 mb, 16 bits 44,1 khz Bibliotecas de instrumentos de dedo para atender a diferentes necessidades. [&hellip;]<\/p>\n","protected":false},"author":1,"featured_media":0,"parent":0,"menu_order":0,"comment_status":"closed","ping_status":"closed","template":"elementor_canvas","meta":{"footnotes":""},"class_list":["post-20718","page","type-page","status-publish","hentry"],"yoast_head":"<!-- This site is optimized with the Yoast SEO plugin v25.9 - https:\/\/yoast.com\/wordpress\/plugins\/seo\/ -->\n<title>Ample Guitar M Lite 2 | Plugin Gr\u00e1tis - Academia de Beats<\/title>\n<meta name=\"robots\" content=\"index, follow, max-snippet:-1, max-image-preview:large, max-video-preview:-1\" \/>\n<link rel=\"canonical\" href=\"https:\/\/academiadebeats.com.br\/inicio\/ample-guitar-m-lite-2-plugin-gratis\/\" \/>\n<meta property=\"og:locale\" content=\"pt_BR\" \/>\n<meta property=\"og:type\" content=\"article\" \/>\n<meta property=\"og:title\" content=\"Ample Guitar M Lite 2 | Plugin Gr\u00e1tis - Academia de Beats\" \/>\n<meta property=\"og:description\" content=\"DOWNLOAD GRATUITO AMPLE GUITAR M LITE II \u00c9 UM PLUGIN GR\u00c1TIS DE VIOL\u00c3O Virtual Instrument by Ample Sound Transforme sua DAW em um viol\u00e3o Compat\u00edvel com os principais programas Receba tutorial exclusivo de instala\u00e7\u00e3o FAZER DOWNLOAD GR\u00c1TIS Amostragem: Tamanho: 848 mb, 16 bits 44,1 khz Bibliotecas de instrumentos de dedo para atender a diferentes necessidades. [&hellip;]\" \/>\n<meta property=\"og:url\" content=\"https:\/\/academiadebeats.com.br\/inicio\/ample-guitar-m-lite-2-plugin-gratis\/\" \/>\n<meta property=\"og:site_name\" content=\"Academia de Beats\" \/>\n<meta property=\"article:modified_time\" content=\"2022-10-04T20:18:49+00:00\" \/>\n<meta property=\"og:image\" content=\"https:\/\/academiadebeats.com.br\/inicio\/wp-content\/uploads\/2022\/03\/ADB_Logo_Transp_BR-1024x688.png\" \/>\n<meta name=\"twitter:card\" content=\"summary_large_image\" \/>\n<meta name=\"twitter:label1\" content=\"Est. tempo de leitura\" \/>\n\t<meta name=\"twitter:data1\" content=\"2 minutos\" \/>\n<script type=\"application\/ld+json\" class=\"yoast-schema-graph\">{\"@context\":\"https:\/\/schema.org\",\"@graph\":[{\"@type\":\"WebPage\",\"@id\":\"https:\/\/academiadebeats.com.br\/inicio\/ample-guitar-m-lite-2-plugin-gratis\/\",\"url\":\"https:\/\/academiadebeats.com.br\/inicio\/ample-guitar-m-lite-2-plugin-gratis\/\",\"name\":\"Ample Guitar M Lite 2 | Plugin Gr\u00e1tis - Academia de Beats\",\"isPartOf\":{\"@id\":\"https:\/\/academiadebeats.com.br\/inicio\/#website\"},\"primaryImageOfPage\":{\"@id\":\"https:\/\/academiadebeats.com.br\/inicio\/ample-guitar-m-lite-2-plugin-gratis\/#primaryimage\"},\"image\":{\"@id\":\"https:\/\/academiadebeats.com.br\/inicio\/ample-guitar-m-lite-2-plugin-gratis\/#primaryimage\"},\"thumbnailUrl\":\"https:\/\/academiadebeats.com.br\/inicio\/wp-content\/uploads\/2022\/03\/ADB_Logo_Transp_BR-1024x688.png\",\"datePublished\":\"2022-10-04T13:21:32+00:00\",\"dateModified\":\"2022-10-04T20:18:49+00:00\",\"breadcrumb\":{\"@id\":\"https:\/\/academiadebeats.com.br\/inicio\/ample-guitar-m-lite-2-plugin-gratis\/#breadcrumb\"},\"inLanguage\":\"pt-BR\",\"potentialAction\":[{\"@type\":\"ReadAction\",\"target\":[\"https:\/\/academiadebeats.com.br\/inicio\/ample-guitar-m-lite-2-plugin-gratis\/\"]}]},{\"@type\":\"ImageObject\",\"inLanguage\":\"pt-BR\",\"@id\":\"https:\/\/academiadebeats.com.br\/inicio\/ample-guitar-m-lite-2-plugin-gratis\/#primaryimage\",\"url\":\"https:\/\/academiadebeats.com.br\/inicio\/wp-content\/uploads\/2022\/03\/ADB_Logo_Transp_BR.png\",\"contentUrl\":\"https:\/\/academiadebeats.com.br\/inicio\/wp-content\/uploads\/2022\/03\/ADB_Logo_Transp_BR.png\",\"width\":2221,\"height\":1493},{\"@type\":\"BreadcrumbList\",\"@id\":\"https:\/\/academiadebeats.com.br\/inicio\/ample-guitar-m-lite-2-plugin-gratis\/#breadcrumb\",\"itemListElement\":[{\"@type\":\"ListItem\",\"position\":1,\"name\":\"In\u00edcio\",\"item\":\"https:\/\/academiadebeats.com.br\/inicio\/\"},{\"@type\":\"ListItem\",\"position\":2,\"name\":\"Ample Guitar M Lite 2 | Plugin Gr\u00e1tis\"}]},{\"@type\":\"WebSite\",\"@id\":\"https:\/\/academiadebeats.com.br\/inicio\/#website\",\"url\":\"https:\/\/academiadebeats.com.br\/inicio\/\",\"name\":\"Academia de Beats\",\"description\":\"A maior escola de Beatmakers do Brasil\",\"publisher\":{\"@id\":\"https:\/\/academiadebeats.com.br\/inicio\/#organization\"},\"potentialAction\":[{\"@type\":\"SearchAction\",\"target\":{\"@type\":\"EntryPoint\",\"urlTemplate\":\"https:\/\/academiadebeats.com.br\/inicio\/?s={search_term_string}\"},\"query-input\":{\"@type\":\"PropertyValueSpecification\",\"valueRequired\":true,\"valueName\":\"search_term_string\"}}],\"inLanguage\":\"pt-BR\"},{\"@type\":\"Organization\",\"@id\":\"https:\/\/academiadebeats.com.br\/inicio\/#organization\",\"name\":\"Academia de Beats\",\"url\":\"https:\/\/academiadebeats.com.br\/inicio\/\",\"logo\":{\"@type\":\"ImageObject\",\"inLanguage\":\"pt-BR\",\"@id\":\"https:\/\/academiadebeats.com.br\/inicio\/#\/schema\/logo\/image\/\",\"url\":\"https:\/\/academiadebeats.com.br\/inicio\/wp-content\/uploads\/2022\/01\/cropped-logoblog-1.png\",\"contentUrl\":\"https:\/\/academiadebeats.com.br\/inicio\/wp-content\/uploads\/2022\/01\/cropped-logoblog-1.png\",\"width\":108,\"height\":31,\"caption\":\"Academia de Beats\"},\"image\":{\"@id\":\"https:\/\/academiadebeats.com.br\/inicio\/#\/schema\/logo\/image\/\"}}]}<\/script>\n<!-- \/ Yoast SEO plugin. -->","yoast_head_json":{"title":"Ample Guitar M Lite 2 | Plugin Gr\u00e1tis - Academia de Beats","robots":{"index":"index","follow":"follow","max-snippet":"max-snippet:-1","max-image-preview":"max-image-preview:large","max-video-preview":"max-video-preview:-1"},"canonical":"https:\/\/academiadebeats.com.br\/inicio\/ample-guitar-m-lite-2-plugin-gratis\/","og_locale":"pt_BR","og_type":"article","og_title":"Ample Guitar M Lite 2 | Plugin Gr\u00e1tis - Academia de Beats","og_description":"DOWNLOAD GRATUITO AMPLE GUITAR M LITE II \u00c9 UM PLUGIN GR\u00c1TIS DE VIOL\u00c3O Virtual Instrument by Ample Sound Transforme sua DAW em um viol\u00e3o Compat\u00edvel com os principais programas Receba tutorial exclusivo de instala\u00e7\u00e3o FAZER DOWNLOAD GR\u00c1TIS Amostragem: Tamanho: 848 mb, 16 bits 44,1 khz Bibliotecas de instrumentos de dedo para atender a diferentes necessidades. [&hellip;]","og_url":"https:\/\/academiadebeats.com.br\/inicio\/ample-guitar-m-lite-2-plugin-gratis\/","og_site_name":"Academia de Beats","article_modified_time":"2022-10-04T20:18:49+00:00","og_image":[{"url":"https:\/\/academiadebeats.com.br\/inicio\/wp-content\/uploads\/2022\/03\/ADB_Logo_Transp_BR-1024x688.png","type":"","width":"","height":""}],"twitter_card":"summary_large_image","twitter_misc":{"Est. tempo de leitura":"2 minutos"},"schema":{"@context":"https:\/\/schema.org","@graph":[{"@type":"WebPage","@id":"https:\/\/academiadebeats.com.br\/inicio\/ample-guitar-m-lite-2-plugin-gratis\/","url":"https:\/\/academiadebeats.com.br\/inicio\/ample-guitar-m-lite-2-plugin-gratis\/","name":"Ample Guitar M Lite 2 | Plugin Gr\u00e1tis - Academia de Beats","isPartOf":{"@id":"https:\/\/academiadebeats.com.br\/inicio\/#website"},"primaryImageOfPage":{"@id":"https:\/\/academiadebeats.com.br\/inicio\/ample-guitar-m-lite-2-plugin-gratis\/#primaryimage"},"image":{"@id":"https:\/\/academiadebeats.com.br\/inicio\/ample-guitar-m-lite-2-plugin-gratis\/#primaryimage"},"thumbnailUrl":"https:\/\/academiadebeats.com.br\/inicio\/wp-content\/uploads\/2022\/03\/ADB_Logo_Transp_BR-1024x688.png","datePublished":"2022-10-04T13:21:32+00:00","dateModified":"2022-10-04T20:18:49+00:00","breadcrumb":{"@id":"https:\/\/academiadebeats.com.br\/inicio\/ample-guitar-m-lite-2-plugin-gratis\/#breadcrumb"},"inLanguage":"pt-BR","potentialAction":[{"@type":"ReadAction","target":["https:\/\/academiadebeats.com.br\/inicio\/ample-guitar-m-lite-2-plugin-gratis\/"]}]},{"@type":"ImageObject","inLanguage":"pt-BR","@id":"https:\/\/academiadebeats.com.br\/inicio\/ample-guitar-m-lite-2-plugin-gratis\/#primaryimage","url":"https:\/\/academiadebeats.com.br\/inicio\/wp-content\/uploads\/2022\/03\/ADB_Logo_Transp_BR.png","contentUrl":"https:\/\/academiadebeats.com.br\/inicio\/wp-content\/uploads\/2022\/03\/ADB_Logo_Transp_BR.png","width":2221,"height":1493},{"@type":"BreadcrumbList","@id":"https:\/\/academiadebeats.com.br\/inicio\/ample-guitar-m-lite-2-plugin-gratis\/#breadcrumb","itemListElement":[{"@type":"ListItem","position":1,"name":"In\u00edcio","item":"https:\/\/academiadebeats.com.br\/inicio\/"},{"@type":"ListItem","position":2,"name":"Ample Guitar M Lite 2 | Plugin Gr\u00e1tis"}]},{"@type":"WebSite","@id":"https:\/\/academiadebeats.com.br\/inicio\/#website","url":"https:\/\/academiadebeats.com.br\/inicio\/","name":"Academia de Beats","description":"A maior escola de Beatmakers do Brasil","publisher":{"@id":"https:\/\/academiadebeats.com.br\/inicio\/#organization"},"potentialAction":[{"@type":"SearchAction","target":{"@type":"EntryPoint","urlTemplate":"https:\/\/academiadebeats.com.br\/inicio\/?s={search_term_string}"},"query-input":{"@type":"PropertyValueSpecification","valueRequired":true,"valueName":"search_term_string"}}],"inLanguage":"pt-BR"},{"@type":"Organization","@id":"https:\/\/academiadebeats.com.br\/inicio\/#organization","name":"Academia de Beats","url":"https:\/\/academiadebeats.com.br\/inicio\/","logo":{"@type":"ImageObject","inLanguage":"pt-BR","@id":"https:\/\/academiadebeats.com.br\/inicio\/#\/schema\/logo\/image\/","url":"https:\/\/academiadebeats.com.br\/inicio\/wp-content\/uploads\/2022\/01\/cropped-logoblog-1.png","contentUrl":"https:\/\/academiadebeats.com.br\/inicio\/wp-content\/uploads\/2022\/01\/cropped-logoblog-1.png","width":108,"height":31,"caption":"Academia de Beats"},"image":{"@id":"https:\/\/academiadebeats.com.br\/inicio\/#\/schema\/logo\/image\/"}}]}},"_links":{"self":[{"href":"https:\/\/academiadebeats.com.br\/inicio\/wp-json\/wp\/v2\/pages\/20718","targetHints":{"allow":["GET"]}}],"collection":[{"href":"https:\/\/academiadebeats.com.br\/inicio\/wp-json\/wp\/v2\/pages"}],"about":[{"href":"https:\/\/academiadebeats.com.br\/inicio\/wp-json\/wp\/v2\/types\/page"}],"author":[{"embeddable":true,"href":"https:\/\/academiadebeats.com.br\/inicio\/wp-json\/wp\/v2\/users\/1"}],"replies":[{"embeddable":true,"href":"https:\/\/academiadebeats.com.br\/inicio\/wp-json\/wp\/v2\/comments?post=20718"}],"version-history":[{"count":19,"href":"https:\/\/academiadebeats.com.br\/inicio\/wp-json\/wp\/v2\/pages\/20718\/revisions"}],"predecessor-version":[{"id":20744,"href":"https:\/\/academiadebeats.com.br\/inicio\/wp-json\/wp\/v2\/pages\/20718\/revisions\/20744"}],"wp:attachment":[{"href":"https:\/\/academiadebeats.com.br\/inicio\/wp-json\/wp\/v2\/media?parent=20718"}],"curies":[{"name":"wp","href":"https:\/\/api.w.org\/{rel}","templated":true}]}}